{"id":580,"date":"2015-07-13T17:53:48","date_gmt":"2015-07-13T21:53:48","guid":{"rendered":"http:\/\/marshlakeyukoncabins.com\/de\/location-activities\/"},"modified":"2016-03-04T13:29:58","modified_gmt":"2016-03-04T21:29:58","slug":"location-activities","status":"publish","type":"page","link":"https:\/\/marshlakeyukoncabins.com\/de\/location-activities\/","title":{"rendered":"Location &#038; Activities"},"content":{"rendered":"<p>[et_pb_section admin_label=&#8220;section&#8220; fullwidth=&#8220;on&#8220; specialty=&#8220;off&#8220;][et_pb_fullwidth_slider admin_label=&#8220;Fullwidth Slider&#8220; show_arrows=&#8220;on&#8220; show_pagination=&#8220;on&#8220; auto=&#8220;off&#8220; auto_ignore_hover=&#8220;off&#8220; parallax=&#8220;off&#8220; parallax_method=&#8220;off&#8220; remove_inner_shadow=&#8220;off&#8220; background_position=&#8220;default&#8220; background_size=&#8220;default&#8220; top_padding=&#8220;400px&#8220; bottom_padding=&#8220;250px&#8220; hide_content_on_mobile=&#8220;off&#8220; hide_cta_on_mobile=&#8220;off&#8220; show_image_video_mobile=&#8220;off&#8220; custom_button=&#8220;off&#8220; button_letter_spacing=&#8220;0&#8243; button_use_icon=&#8220;default&#8220; button_icon_placement=&#8220;right&#8220; button_on_hover=&#8220;on&#8220; button_letter_spacing_hover=&#8220;0&#8243; header_font_size=&#8220;46&#8243; body_font_size=&#8220;16&#8243; button_text_size=&#8220;20&#8243; button_border_width=&#8220;2&#8243; button_border_radius=&#8220;3&#8243; button_border_radius_hover=&#8220;3&#8243;] [et_pb_slide heading=&#8220;Wo und Was?&#8220; background_image=&#8220;http:\/\/marshlakeyukoncabins.com\/wp-content\/uploads\/2015\/07\/marsh-lake-yukon-scenic-photo-P1040750.jpg&#8220; background_position=&#8220;default&#8220; background_size=&#8220;default&#8220; background_color=&#8220;#ffffff&#8220; alignment=&#8220;center&#8220; background_layout=&#8220;dark&#8220; allow_player_pause=&#8220;off&#8220; header_font_select=&#8220;default&#8220; body_font_select=&#8220;default&#8220; custom_button=&#8220;off&#8220; button_font_select=&#8220;default&#8220; button_use_icon=&#8220;default&#8220; button_icon_placement=&#8220;right&#8220; button_on_hover=&#8220;on&#8220;] [\/et_pb_slide] [\/et_pb_fullwidth_slider][\/et_pb_section][et_pb_section admin_label=&#8220;section&#8220; fullwidth=&#8220;off&#8220; specialty=&#8220;off&#8220; transparent_background=&#8220;off&#8220; background_color=&#8220;#1a4666&#8243; allow_player_pause=&#8220;off&#8220; inner_shadow=&#8220;off&#8220; parallax=&#8220;off&#8220; parallax_method=&#8220;off&#8220; padding_mobile=&#8220;off&#8220; make_fullwidth=&#8220;off&#8220; use_custom_width=&#8220;off&#8220; width_unit=&#8220;on&#8220; make_equal=&#8220;off&#8220; use_custom_gutter=&#8220;off&#8220;][et_pb_row admin_label=&#8220;row&#8220;][et_pb_column type=&#8220;4_4&#8243;][et_pb_text admin_label=&#8220;Text&#8220; background_layout=&#8220;dark&#8220; text_orientation=&#8220;left&#8220; text_line_height=&#8220;2em&#8220; use_border_color=&#8220;off&#8220; border_color=&#8220;#ffffff&#8220; border_style=&#8220;solid&#8220; text_font_size=&#8220;14&#8243;]<\/p>\n<h2>Unsere Cabins befinden sich am Marsh Lake im Yukon Territorium,<\/h2>\n<h2>ungef\u00e4hr 65 km s\u00fcdlich von Whitehorse.<\/h2>\n<p>&nbsp;<\/p>\n<p><strong>&#8222;Und wieso sollten wir ausgerechnet nach Marsh Lake kommen?&#8220;, k\u00f6nntest du dich fragen &#8211; oder mich. Und ich w\u00fcrde ins Schw\u00e4rmen geraten<\/strong><strong>:<\/strong><\/p>\n<p>(F\u00fcr diejenigen unter euch, die nicht so gerne soviel Text lesen wollen: scrollt mal runter, da haben wir die Kurzfassung unserer Schw\u00e4rmerei stichpunktartig aufgelistet.)<\/p>\n<p>Ich w\u00fcrde dir erz\u00e4hlen, dass dieser wundersch\u00f6ne, grosse See umgeben ist von majest\u00e4tischen Bergen und unber\u00fchrten W\u00e4ldern. Im Fr\u00fchjahr wimmelt es hier nur so von Schw\u00e4nen, G\u00e4nsen, Enten und anderen Zugv\u00f6geln, die auf dem Weg zu ihren Nistpl\u00e4tzen hier Zwischenstopp einlegen. Das Ufer des Sees ist unber\u00fchrt &#8211; keine Promenade oder Strasse oder irgendwelche Verkaufsbuden. Im See schwimmen Fische und manchmal Menschen, die sich hier in kleiner Zahl niedergelassen haben.<\/p>\n<p>Ich w\u00fcrde dir auch von dieser einmaligen Stille berichten, die mich gerade umh\u00fcllt, w\u00e4hrend ich auf unserer Terrasse sitze und diese Zeilen schreibe. Eine Stille, die umso vollkommener erscheint, wenn sie von fr\u00f6hlichem Vogelgezwitscher, dem leisen Rascheln der Pappeln im Wind oder dem entfernten Ruf eines Wasservogels untermalt wird. Ich k\u00f6nnte dir auch von unseren &#8222;wilden Nachbarn&#8220; erz\u00e4hlen, die uns ab und zu einen Besuch abstatten: Fuchs, Wolf, B\u00e4r, Elch, Stachelschwein, Rentier, Moorhuhn&#8230;<\/p>\n<p>Und dann w\u00fcrde ich dir von den Wegen im Wald hinterm Haus erz\u00e4hlen, die man f\u00fcrs Radfahren, Spazierengehen, Skifahren, Joggen oder zur Jagd auf den perfekten Picknickplatz nutzen kann. Oder der nahegelegenen &#8218;Marina&#8216;, von wo man Paddeltouren starten kann (mit Angel, ohne Angel, mit Kanu oder Kajak oder Luftmatratze &#8211; jeder wie er mag!). In der n\u00e4heren Umgebung gibt es dann noch jede Menge andere Berge und Fl\u00fcsse, die nur darauf warten, von dir erklommen oder gepaddelt zu werden. Wir k\u00f6nnen dich auch mit Tour-Anbietern in Verbindung bringen, die gef\u00fchrte Kanu-, Reit- oder Wandertouren sowie Wildniss\u00fcberlebenskurse in der N\u00e4he anbieten.<\/p>\n<p>Und habe ich schon die spektakul\u00e4ren Licht- und Farbenspiele hier erw\u00e4hnt? Die Farben der ph\u00e4nomenalen Sonnenunterg\u00e4nge im Fr\u00fchling; das \u00fcberm\u00fctige Glitzern der Sonnenstrahlen auf dem See im Sommer; das Knallgelb der Pappeln im Herbst, das die B\u00e4ume und die ganze Umgebung zum Leuchten bringt; das einmalige, mystische Gr\u00fcn-Gelb-Pink-Lila am Winternachthimmel, wenn die Nordlichter ihren Tanz auff\u00fchren? Unbeschreiblich, unvergesslich&#8230;<\/p>\n<p>Ich k\u00f6nnte auch unsere Nachbarin zitieren, die neulich sagte, dass sie in den \u00fcber 30 Jahren, die sie schon am Marsh Lake\u00a0 lebt, nicht ein einziges Mal das Gef\u00fchl versp\u00fcrt hat, dass sie woanders leben m\u00f6chte, dass es woanders sch\u00f6ner oder besser sein k\u00f6nnte! Also, das k\u00f6nnte ich dir alles erz\u00e4hlen und du k\u00f6nntest dir dann vielleicht ein bisschen besser vorstellen, wie unsere Cabins so gelegen sind. Aber ich mache noch etwas ganz anderes: Ich lade dich ein, selbst vorbei zukommen und das alles SELBST zu ERLEBEN!<\/p>\n<p>Mal sehen, ob wir dich auch mit dem Yukon-Virus infizieren k\u00f6nnen!<\/p>\n<p>&nbsp;<\/p>\n<h2><strong>F\u00fcr die Minimalisten:<\/strong><\/h2>\n<ul>\n<li>\u00a0Marsh Lake ist einfach toll!<\/li>\n<li>Wald und Waldwege gleich hinterm Haus zur Freizeitbesch\u00e4ftigung deiner Wahl (Laufen, Wandern, Radfahren, Schlendern und Seele baumeln lassen, Ski-Langlaufen)<\/li>\n<li>See vor der Haust\u00fcr zur Wasserfreizeitbesch\u00e4ftigung deiner Wahl (Kanufahren, Kajakfahren, Schwimmen, Angeln)<\/li>\n<li>Auf Wunsch Verbindung zu Tour-Anbietern, die gef\u00fchrte Kanu-, Reit- oder Wandertouren sowie Wildniss\u00fcberlebenskure in der N\u00e4he anbieten<\/li>\n<li>Wir verleihen Kanus, R\u00e4der und Satelliten-Telefone<\/li>\n<\/ul>\n<p>[\/et_pb_text][\/et_pb_column][\/et_pb_row][\/et_pb_section][et_pb_section admin_label=&#8220;section&#8220; transparent_background=&#8220;on&#8220; allow_player_pause=&#8220;off&#8220; inner_shadow=&#8220;off&#8220; parallax=&#8220;off&#8220; parallax_method=&#8220;off&#8220; padding_mobile=&#8220;off&#8220; make_fullwidth=&#8220;off&#8220; use_custom_width=&#8220;off&#8220; width_unit=&#8220;on&#8220; make_equal=&#8220;off&#8220; use_custom_gutter=&#8220;off&#8220;][et_pb_row admin_label=&#8220;row&#8220;][et_pb_column type=&#8220;4_4&#8243;][et_pb_map admin_label=&#8220;Map&#8220; address=&#8220;Marsh Lake, YT Y0B 1Y2, Canada&#8220; zoom_level=&#8220;4&#8243; address_lat=&#8220;60.35361087633005&#8243; address_lng=&#8220;-134.57365882773433&#8243; mouse_wheel=&#8220;off&#8220; use_grayscale_filter=&#8220;off&#8220;] [et_pb_map_pin pin_address=&#8220;Judas Creek Drive, Whitehorse, YT Y0B, Canada&#8220; pin_address_lat=&#8220;60.42868165633327&#8243; pin_address_lng=&#8220;-134.23445594687496&#8243; title=&#8220;MarshLakeCabins.com&#8220;] [\/et_pb_map_pin] [\/et_pb_map][\/et_pb_column][\/et_pb_row][\/et_pb_section][et_pb_section admin_label=&#8220;section&#8220; fullwidth=&#8220;off&#8220; specialty=&#8220;off&#8220; transparent_background=&#8220;on&#8220; allow_player_pause=&#8220;off&#8220; inner_shadow=&#8220;off&#8220; parallax=&#8220;off&#8220; parallax_method=&#8220;off&#8220; padding_mobile=&#8220;off&#8220; make_fullwidth=&#8220;off&#8220; use_custom_width=&#8220;off&#8220; width_unit=&#8220;on&#8220; make_equal=&#8220;off&#8220; use_custom_gutter=&#8220;off&#8220;][et_pb_row admin_label=&#8220;row&#8220;][et_pb_column type=&#8220;4_4&#8243;][et_pb_gallery admin_label=&#8220;Gallery&#8220; gallery_ids=&#8220;116,122,129,130,136,137,138,139,140,141,142,144,145,146,147,148,149,150,151,152,153,154,155,156,157,158,160,162,164,165,166,169,171,177,178,179,182,183,188,189,191,192,193,194&#8243; fullwidth=&#8220;on&#8220; posts_number=&#8220;20&#8243; show_title_and_caption=&#8220;off&#8220; show_pagination=&#8220;off&#8220; background_layout=&#8220;light&#8220; auto=&#8220;on&#8220; hover_overlay_color=&#8220;rgba(255,255,255,0.9)&#8220; caption_all_caps=&#8220;off&#8220; use_border_color=&#8220;off&#8220; border_color=&#8220;#ffffff&#8220; border_style=&#8220;solid&#8220; auto_speed=&#8220;3000&#8243;] [\/et_pb_gallery][\/et_pb_column][\/et_pb_row][\/et_pb_section]<\/p>\n","protected":false},"excerpt":{"rendered":"<p>Unsere Cabins befinden sich am Marsh Lake im Yukon Territorium, ungef\u00e4hr 65 km s\u00fcdlich von Whitehorse. &nbsp; &#8222;Und wieso sollten wir ausgerechnet nach Marsh Lake kommen?&#8220;, k\u00f6nntest du dich fragen &#8211; oder mich. Und ich w\u00fcrde ins Schw\u00e4rmen geraten: (F\u00fcr diejenigen unter euch, die nicht so gerne soviel Text lesen wollen: scrollt mal runter, da [&hellip;]<\/p>\n","protected":false},"author":1,"featured_media":0,"parent":0,"menu_order":0,"comment_status":"open","ping_status":"closed","template":"","meta":{"_et_pb_use_builder":"on","_et_pb_old_content":"","_et_gb_content_width":"","footnotes":""},"class_list":["post-580","page","type-page","status-publish","hentry"],"yoast_head":"<!-- This site is optimized with the Yoast SEO Premium plugin v26.9 (Yoast SEO v26.8) - https:\/\/yoast.com\/product\/yoast-seo-premium-wordpress\/ -->\n<title>Location &amp; Activities - Marsh Lake Yukon Cabins<\/title>\n<meta name=\"robots\" content=\"index, follow, max-snippet:-1, max-image-preview:large, max-video-preview:-1\" \/>\n<link rel=\"canonical\" href=\"https:\/\/marshlakeyukoncabins.com\/de\/location-activities\/\" \/>\n<meta property=\"og:locale\" content=\"de_DE\" \/>\n<meta property=\"og:type\" content=\"article\" \/>\n<meta property=\"og:title\" content=\"Location &amp; Activities - Marsh Lake Yukon Cabins\" \/>\n<meta property=\"og:description\" content=\"Unsere Cabins befinden sich am Marsh Lake im Yukon Territorium, ungef\u00e4hr 65 km s\u00fcdlich von Whitehorse. &nbsp; &quot;Und wieso sollten wir ausgerechnet nach Marsh Lake kommen?&quot;, k\u00f6nntest du dich fragen - oder mich. Und ich w\u00fcrde ins Schw\u00e4rmen geraten: (F\u00fcr diejenigen unter euch, die nicht so gerne soviel Text lesen wollen: scrollt mal runter, da [&hellip;]\" \/>\n<meta property=\"og:url\" content=\"https:\/\/marshlakeyukoncabins.com\/de\/location-activities\/\" \/>\n<meta property=\"og:site_name\" content=\"Marsh Lake Yukon Cabins\" \/>\n<meta property=\"article:modified_time\" content=\"2016-03-04T21:29:58+00:00\" \/>\n<meta name=\"twitter:card\" content=\"summary_large_image\" \/>\n<meta name=\"twitter:label1\" content=\"Gesch\u00e4tzte Lesezeit\" \/>\n\t<meta name=\"twitter:data1\" content=\"5\u00a0Minuten\" \/>\n<script type=\"application\/ld+json\" class=\"yoast-schema-graph\">{\"@context\":\"https:\/\/schema.org\",\"@graph\":[{\"@type\":\"WebPage\",\"@id\":\"https:\/\/marshlakeyukoncabins.com\/de\/location-activities\/\",\"url\":\"https:\/\/marshlakeyukoncabins.com\/de\/location-activities\/\",\"name\":\"Location & Activities - Marsh Lake Yukon Cabins\",\"isPartOf\":{\"@id\":\"https:\/\/marshlakeyukoncabins.com\/#website\"},\"datePublished\":\"2015-07-13T21:53:48+00:00\",\"dateModified\":\"2016-03-04T21:29:58+00:00\",\"breadcrumb\":{\"@id\":\"https:\/\/marshlakeyukoncabins.com\/de\/location-activities\/#breadcrumb\"},\"inLanguage\":\"de\",\"potentialAction\":[{\"@type\":\"ReadAction\",\"target\":[\"https:\/\/marshlakeyukoncabins.com\/de\/location-activities\/\"]}]},{\"@type\":\"BreadcrumbList\",\"@id\":\"https:\/\/marshlakeyukoncabins.com\/de\/location-activities\/#breadcrumb\",\"itemListElement\":[{\"@type\":\"ListItem\",\"position\":1,\"name\":\"Home\",\"item\":\"https:\/\/marshlakeyukoncabins.com\/de\/\"},{\"@type\":\"ListItem\",\"position\":2,\"name\":\"Location &#038; Activities\"}]},{\"@type\":\"WebSite\",\"@id\":\"https:\/\/marshlakeyukoncabins.com\/#website\",\"url\":\"https:\/\/marshlakeyukoncabins.com\/\",\"name\":\"Marsh Lake Yukon Cabins\",\"description\":\"Yukon Cabin Rentals\",\"potentialAction\":[{\"@type\":\"SearchAction\",\"target\":{\"@type\":\"EntryPoint\",\"urlTemplate\":\"https:\/\/marshlakeyukoncabins.com\/?s={search_term_string}\"},\"query-input\":{\"@type\":\"PropertyValueSpecification\",\"valueRequired\":true,\"valueName\":\"search_term_string\"}}],\"inLanguage\":\"de\"}]}<\/script>\n<!-- \/ Yoast SEO Premium plugin. -->","yoast_head_json":{"title":"Location & Activities - Marsh Lake Yukon Cabins","robots":{"index":"index","follow":"follow","max-snippet":"max-snippet:-1","max-image-preview":"max-image-preview:large","max-video-preview":"max-video-preview:-1"},"canonical":"https:\/\/marshlakeyukoncabins.com\/de\/location-activities\/","og_locale":"de_DE","og_type":"article","og_title":"Location & Activities - Marsh Lake Yukon Cabins","og_description":"Unsere Cabins befinden sich am Marsh Lake im Yukon Territorium, ungef\u00e4hr 65 km s\u00fcdlich von Whitehorse. &nbsp; \"Und wieso sollten wir ausgerechnet nach Marsh Lake kommen?\", k\u00f6nntest du dich fragen - oder mich. Und ich w\u00fcrde ins Schw\u00e4rmen geraten: (F\u00fcr diejenigen unter euch, die nicht so gerne soviel Text lesen wollen: scrollt mal runter, da [&hellip;]","og_url":"https:\/\/marshlakeyukoncabins.com\/de\/location-activities\/","og_site_name":"Marsh Lake Yukon Cabins","article_modified_time":"2016-03-04T21:29:58+00:00","twitter_card":"summary_large_image","twitter_misc":{"Gesch\u00e4tzte Lesezeit":"5\u00a0Minuten"},"schema":{"@context":"https:\/\/schema.org","@graph":[{"@type":"WebPage","@id":"https:\/\/marshlakeyukoncabins.com\/de\/location-activities\/","url":"https:\/\/marshlakeyukoncabins.com\/de\/location-activities\/","name":"Location & Activities - Marsh Lake Yukon Cabins","isPartOf":{"@id":"https:\/\/marshlakeyukoncabins.com\/#website"},"datePublished":"2015-07-13T21:53:48+00:00","dateModified":"2016-03-04T21:29:58+00:00","breadcrumb":{"@id":"https:\/\/marshlakeyukoncabins.com\/de\/location-activities\/#breadcrumb"},"inLanguage":"de","potentialAction":[{"@type":"ReadAction","target":["https:\/\/marshlakeyukoncabins.com\/de\/location-activities\/"]}]},{"@type":"BreadcrumbList","@id":"https:\/\/marshlakeyukoncabins.com\/de\/location-activities\/#breadcrumb","itemListElement":[{"@type":"ListItem","position":1,"name":"Home","item":"https:\/\/marshlakeyukoncabins.com\/de\/"},{"@type":"ListItem","position":2,"name":"Location &#038; Activities"}]},{"@type":"WebSite","@id":"https:\/\/marshlakeyukoncabins.com\/#website","url":"https:\/\/marshlakeyukoncabins.com\/","name":"Marsh Lake Yukon Cabins","description":"Yukon Cabin Rentals","potentialAction":[{"@type":"SearchAction","target":{"@type":"EntryPoint","urlTemplate":"https:\/\/marshlakeyukoncabins.com\/?s={search_term_string}"},"query-input":{"@type":"PropertyValueSpecification","valueRequired":true,"valueName":"search_term_string"}}],"inLanguage":"de"}]}},"_links":{"self":[{"href":"https:\/\/marshlakeyukoncabins.com\/de\/wp-json\/wp\/v2\/pages\/580","targetHints":{"allow":["GET"]}}],"collection":[{"href":"https:\/\/marshlakeyukoncabins.com\/de\/wp-json\/wp\/v2\/pages"}],"about":[{"href":"https:\/\/marshlakeyukoncabins.com\/de\/wp-json\/wp\/v2\/types\/page"}],"author":[{"embeddable":true,"href":"https:\/\/marshlakeyukoncabins.com\/de\/wp-json\/wp\/v2\/users\/1"}],"replies":[{"embeddable":true,"href":"https:\/\/marshlakeyukoncabins.com\/de\/wp-json\/wp\/v2\/comments?post=580"}],"version-history":[{"count":10,"href":"https:\/\/marshlakeyukoncabins.com\/de\/wp-json\/wp\/v2\/pages\/580\/revisions"}],"predecessor-version":[{"id":635,"href":"https:\/\/marshlakeyukoncabins.com\/de\/wp-json\/wp\/v2\/pages\/580\/revisions\/635"}],"wp:attachment":[{"href":"https:\/\/marshlakeyukoncabins.com\/de\/wp-json\/wp\/v2\/media?parent=580"}],"curies":[{"name":"wp","href":"https:\/\/api.w.org\/{rel}","templated":true}]}}