{"id":929,"date":"2017-05-10T07:43:05","date_gmt":"2017-05-10T14:43:05","guid":{"rendered":"http:\/\/marshlakeyukoncabins.com\/de\/?page_id=929"},"modified":"2017-05-10T07:44:16","modified_gmt":"2017-05-10T14:44:16","slug":"marsh-lake-yukon-cabins-2","status":"publish","type":"page","link":"https:\/\/marshlakeyukoncabins.com\/de\/marsh-lake-yukon-cabins-2\/","title":{"rendered":"Marsh Lake Yukon Cabins 2"},"content":{"rendered":"<p>[et_pb_section bb_built=&#8220;1&#8243; admin_label=&#8220;section&#8220; fullwidth=&#8220;on&#8220; specialty=&#8220;off&#8220;][et_pb_fullwidth_slider admin_label=&#8220;Fullwidth Slider&#8220; show_arrows=&#8220;on&#8220; show_pagination=&#8220;on&#8220; auto=&#8220;on&#8220; parallax=&#8220;off&#8220; parallax_method=&#8220;off&#8220; remove_inner_shadow=&#8220;off&#8220; background_position=&#8220;default&#8220; background_size=&#8220;default&#8220; hide_content_on_mobile=&#8220;off&#8220; hide_cta_on_mobile=&#8220;off&#8220; show_image_video_mobile=&#8220;off&#8220; body_line_height=&#8220;2em&#8220; custom_button=&#8220;off&#8220; button_letter_spacing=&#8220;0&#8243; button_use_icon=&#8220;default&#8220; button_icon_placement=&#8220;right&#8220; button_on_hover=&#8220;on&#8220; button_letter_spacing_hover=&#8220;0&#8243; auto_speed=&#8220;6000&#8243; auto_ignore_hover=&#8220;on&#8220; top_padding=&#8220;375px&#8220; bottom_padding=&#8220;200px&#8220;] [et_pb_slide heading=&#8220;Blockh\u00fctten am Marsh Lake, Yukon&#8220; background_image=&#8220;http:\/\/marshlakeyukoncabins.com\/wp-content\/uploads\/2015\/06\/marsh-lake-cabin-yukon-for-rent.jpg&#8220; background_position=&#8220;default&#8220; background_size=&#8220;default&#8220; background_color=&#8220;#ffffff&#8220; alignment=&#8220;center&#8220; background_layout=&#8220;dark&#8220; allow_player_pause=&#8220;off&#8220; header_font_select=&#8220;default&#8220; body_font_select=&#8220;default&#8220; custom_button=&#8220;off&#8220; button_font_select=&#8220;default&#8220; button_use_icon=&#8220;default&#8220; button_icon_placement=&#8220;right&#8220; button_on_hover=&#8220;on&#8220; use_bg_overlay=&#8220;off&#8220; use_text_overlay=&#8220;off&#8220; text_border_radius=&#8220;3&#8243; header_font=&#8220;||||&#8220; body_font=&#8220;||||&#8220; button_font=&#8220;||||&#8220;]<\/p>\n<p><strong>Der Ausgangspunkt f\u00fcr Euer Yukon-Abenteuer! <\/strong><\/p>\n<p>[\/et_pb_slide][et_pb_slide heading=&#8220;Winterwunderland Yukon&#8220; background_image=&#8220;http:\/\/marshlakeyukoncabins.com\/wp-content\/uploads\/2015\/06\/marsh-lake-view-yukon.jpg&#8220; background_position=&#8220;default&#8220; background_size=&#8220;default&#8220; background_color=&#8220;#ffffff&#8220; alignment=&#8220;center&#8220; background_layout=&#8220;dark&#8220; allow_player_pause=&#8220;off&#8220; header_font_select=&#8220;default&#8220; body_font_select=&#8220;default&#8220; custom_button=&#8220;off&#8220; button_font_select=&#8220;default&#8220; button_use_icon=&#8220;default&#8220; button_icon_placement=&#8220;right&#8220; button_on_hover=&#8220;on&#8220;]<\/p>\n<p><strong>Sonnenuntergang \u00fcber Marsh Lake<\/strong><\/p>\n<p>[\/et_pb_slide] [\/et_pb_fullwidth_slider][\/et_pb_section][et_pb_section bb_built=&#8220;1&#8243; admin_label=&#8220;section&#8220; transparent_background=&#8220;on&#8220; allow_player_pause=&#8220;off&#8220; inner_shadow=&#8220;off&#8220; parallax=&#8220;off&#8220; parallax_method=&#8220;off&#8220; padding_mobile=&#8220;off&#8220; make_fullwidth=&#8220;off&#8220; use_custom_width=&#8220;off&#8220; width_unit=&#8220;on&#8220; make_equal=&#8220;off&#8220; use_custom_gutter=&#8220;off&#8220;][et_pb_row admin_label=&#8220;row&#8220; make_fullwidth=&#8220;off&#8220; use_custom_width=&#8220;off&#8220; width_unit=&#8220;on&#8220; use_custom_gutter=&#8220;on&#8220; padding_mobile=&#8220;off&#8220; module_class=&#8220;home-boxes&#8220; allow_player_pause=&#8220;off&#8220; parallax=&#8220;off&#8220; parallax_method=&#8220;off&#8220; make_equal=&#8220;off&#8220; gutter_width=&#8220;2&#8243; parallax_1=&#8220;off&#8220; parallax_method_1=&#8220;off&#8220; parallax_2=&#8220;off&#8220; parallax_method_2=&#8220;off&#8220; parallax_3=&#8220;off&#8220; parallax_method_3=&#8220;off&#8220; parallax_4=&#8220;off&#8220; parallax_method_4=&#8220;off&#8220;][et_pb_column type=&#8220;1_4&#8243;][et_pb_blurb admin_label=&#8220;Cabins&#8220; title=&#8220;Cabins&#8220; url_new_window=&#8220;off&#8220; use_icon=&#8220;off&#8220; icon_color=&#8220;#1a4666&#8243; use_circle=&#8220;off&#8220; circle_color=&#8220;#1a4666&#8243; use_circle_border=&#8220;off&#8220; circle_border_color=&#8220;#1a4666&#8243; image=&#8220;http:\/\/marshlakeyukoncabins.com\/wp-content\/uploads\/2015\/06\/tiny-house.jpg&#8220; icon_placement=&#8220;top&#8220; animation=&#8220;off&#8220; background_layout=&#8220;light&#8220; text_orientation=&#8220;center&#8220; use_icon_font_size=&#8220;off&#8220; body_line_height=&#8220;2em&#8220; use_border_color=&#8220;off&#8220; border_color=&#8220;#ffffff&#8220; border_style=&#8220;solid&#8220; header_font=&#8220;Lato|on|||&#8220; url=&#8220;http:\/\/marshlakeyukoncabins.com\/cabins\/&#8220; alt=&#8220;Yukon Cabin for Rent&#8220; \/][\/et_pb_column][et_pb_column type=&#8220;1_4&#8243;][et_pb_blurb admin_label=&#8220;Tours&#8220; title=&#8220;Tours&#8220; url_new_window=&#8220;off&#8220; use_icon=&#8220;off&#8220; icon_color=&#8220;#1a4666&#8243; use_circle=&#8220;off&#8220; circle_color=&#8220;#1a4666&#8243; use_circle_border=&#8220;off&#8220; circle_border_color=&#8220;#1a4666&#8243; image=&#8220;http:\/\/marshlakeyukoncabins.com\/wp-content\/uploads\/2017\/05\/tours.jpg&#8220; icon_placement=&#8220;top&#8220; animation=&#8220;off&#8220; background_layout=&#8220;light&#8220; text_orientation=&#8220;center&#8220; use_icon_font_size=&#8220;off&#8220; body_line_height=&#8220;2em&#8220; use_border_color=&#8220;off&#8220; border_color=&#8220;#ffffff&#8220; border_style=&#8220;solid&#8220; header_font=&#8220;Lato|on|||&#8220; url=&#8220;http:\/\/marshlakeyukoncabins.com\/tours\/&#8220; alt=&#8220;Yukon Tours&#8220; \/][\/et_pb_column][et_pb_column type=&#8220;1_4&#8243;][et_pb_blurb admin_label=&#8220;Shuttle Service&#8220; title=&#8220;Shuttle Service&#8220; url_new_window=&#8220;off&#8220; use_icon=&#8220;off&#8220; icon_color=&#8220;#1a4666&#8243; use_circle=&#8220;off&#8220; circle_color=&#8220;#1a4666&#8243; use_circle_border=&#8220;off&#8220; circle_border_color=&#8220;#1a4666&#8243; image=&#8220;http:\/\/marshlakeyukoncabins.com\/wp-content\/uploads\/2017\/05\/shuttle.jpg&#8220; icon_placement=&#8220;top&#8220; animation=&#8220;off&#8220; background_layout=&#8220;light&#8220; text_orientation=&#8220;center&#8220; use_icon_font_size=&#8220;off&#8220; body_line_height=&#8220;2em&#8220; use_border_color=&#8220;off&#8220; border_color=&#8220;#ffffff&#8220; border_style=&#8220;solid&#8220; header_font=&#8220;Lato|on|||&#8220; url=&#8220;http:\/\/marshlakeyukoncabins.com\/shuttle-services\/&#8220; alt=&#8220;Yukon Shuttle Service&#8220; \/][\/et_pb_column][et_pb_column type=&#8220;1_4&#8243;][et_pb_blurb admin_label=&#8220;Gear Rental&#8220; title=&#8220;Gear Rental&#8220; url_new_window=&#8220;off&#8220; use_icon=&#8220;off&#8220; icon_color=&#8220;#1a4666&#8243; use_circle=&#8220;off&#8220; circle_color=&#8220;#1a4666&#8243; use_circle_border=&#8220;off&#8220; circle_border_color=&#8220;#1a4666&#8243; image=&#8220;http:\/\/marshlakeyukoncabins.com\/wp-content\/uploads\/2017\/05\/gear.jpg&#8220; icon_placement=&#8220;top&#8220; animation=&#8220;off&#8220; background_layout=&#8220;light&#8220; text_orientation=&#8220;center&#8220; use_icon_font_size=&#8220;off&#8220; body_line_height=&#8220;2em&#8220; use_border_color=&#8220;off&#8220; border_color=&#8220;#ffffff&#8220; border_style=&#8220;solid&#8220; header_font=&#8220;Lato|on|||&#8220; url=&#8220;http:\/\/marshlakeyukoncabins.com\/gear\/&#8220; alt=&#8220;Yukon Gear Rental&#8220; \/][\/et_pb_column][\/et_pb_row][et_pb_row admin_label=&#8220;row&#8220;][et_pb_column type=&#8220;4_4&#8243;][et_pb_text admin_label=&#8220;Text&#8220; background_layout=&#8220;light&#8220; text_orientation=&#8220;left&#8220; text_line_height=&#8220;2em&#8220; use_border_color=&#8220;off&#8220; border_color=&#8220;#ffffff&#8220; border_style=&#8220;solid&#8220;]<\/p>\n<h2>Bereit f\u00fcr einen unvergesslichen Besuch in Kanadas\u00a0 wildem Yukon?<u><\/u><\/h2>\n<ul>\n<li>Vermietung selbstgebauter, urgem\u00fctlicher Blockh\u00fctten<\/li>\n<li>Vermietung von Kanus und dazugeh\u00f6riger Ausr\u00fcstung<\/li>\n<li>Vermietung von Satellitentelefonen<\/li>\n<li>Jede Menge Insider-Tipps zu Aktivit\u00e4ten und Sehensw\u00fcrdigkeiten in diesem wundersch\u00f6nen Yukon<\/li>\n<li>Ausserdem k\u00f6nnen wir Euch mit Touranbietern f\u00fcr Wander-, Reit- oder Kanutouren sowie Wildniss\u00fcberlebenskurse vernetzen<\/li>\n<\/ul>\n<p>[\/et_pb_text][et_pb_video admin_label=&#8220;Video&#8220; src=&#8220;https:\/\/vimeo.com\/158519906&#8243; \/][\/et_pb_column][\/et_pb_row][\/et_pb_section]<\/p>\n","protected":false},"excerpt":{"rendered":"<p>Der Ausgangspunkt f\u00fcr Euer Yukon-Abenteuer! Sonnenuntergang \u00fcber Marsh Lake Bereit f\u00fcr einen unvergesslichen Besuch in Kanadas\u00a0 wildem Yukon? Vermietung selbstgebauter, urgem\u00fctlicher Blockh\u00fctten Vermietung von Kanus und dazugeh\u00f6riger Ausr\u00fcstung Vermietung von Satellitentelefonen Jede Menge Insider-Tipps zu Aktivit\u00e4ten und Sehensw\u00fcrdigkeiten in diesem wundersch\u00f6nen Yukon Ausserdem k\u00f6nnen wir Euch mit Touranbietern f\u00fcr Wander-, Reit- oder Kanutouren sowie Wildniss\u00fcberlebenskurse [&hellip;]<\/p>\n","protected":false},"author":1,"featured_media":0,"parent":0,"menu_order":0,"comment_status":"closed","ping_status":"closed","template":"","meta":{"_et_pb_use_builder":"on","_et_pb_old_content":"<p>[et_pb_section bb_built=\"1\" admin_label=\"section\" fullwidth=\"on\" specialty=\"off\" transparent_background=\"off\" allow_player_pause=\"off\" inner_shadow=\"off\" parallax=\"off\" parallax_method=\"off\" padding_mobile=\"off\" make_fullwidth=\"off\" use_custom_width=\"off\" width_unit=\"on\" make_equal=\"off\" use_custom_gutter=\"off\"][et_pb_fullwidth_slider admin_label=\"Fullwidth Slider\" show_arrows=\"on\" show_pagination=\"on\" auto=\"on\" parallax=\"off\" parallax_method=\"off\" remove_inner_shadow=\"off\" background_position=\"default\" background_size=\"default\" hide_content_on_mobile=\"off\" hide_cta_on_mobile=\"off\" show_image_video_mobile=\"off\" body_line_height=\"2em\" custom_button=\"off\" button_letter_spacing=\"0\" button_use_icon=\"default\" button_icon_placement=\"right\" button_on_hover=\"on\" button_letter_spacing_hover=\"0\" auto_speed=\"6000\" auto_ignore_hover=\"on\" top_padding=\"375px\" bottom_padding=\"200px\"] [et_pb_slide heading=\"Marsh Lake Cabin Rentals\" background_image=\"http:\/\/marshlakeyukoncabins.com\/wp-content\/uploads\/2015\/06\/marsh-lake-cabin-yukon-for-rent.jpg\" background_position=\"default\" background_size=\"default\" background_color=\"#ffffff\" alignment=\"center\" background_layout=\"dark\" allow_player_pause=\"off\" header_font_select=\"default\" body_font_select=\"default\" custom_button=\"off\" button_font_select=\"default\" button_use_icon=\"default\" button_icon_placement=\"right\" button_on_hover=\"on\"] <strong>Your home base to explore the Yukon at its best!<\/strong> [\/et_pb_slide][et_pb_slide heading=\"Sunset in January\" background_image=\"http:\/\/marshlakeyukoncabins.com\/wp-content\/uploads\/2015\/06\/marsh-lake-view-yukon.jpg\" background_position=\"default\" background_size=\"default\" background_color=\"#ffffff\" alignment=\"center\" background_layout=\"dark\" allow_player_pause=\"off\" header_font_select=\"default\" body_font_select=\"default\" custom_button=\"off\" button_font_select=\"default\" button_use_icon=\"default\" button_icon_placement=\"right\" button_on_hover=\"on\"] <strong>Overlooking Marsh Lake<\/strong> [\/et_pb_slide][et_pb_slide heading=\"The Birdhouse\" background_image=\"http:\/\/marshlakeyukoncabins.com\/wp-content\/uploads\/2015\/06\/P1070798.jpg\" background_position=\"default\" background_size=\"default\" background_color=\"#ffffff\" alignment=\"center\" background_layout=\"dark\" allow_player_pause=\"off\" header_font_select=\"default\" body_font_select=\"default\" custom_button=\"off\" button_font_select=\"default\" button_use_icon=\"default\" button_icon_placement=\"right\" button_on_hover=\"on\"] [\/et_pb_slide][et_pb_slide heading=\"The Tiny House\" background_image=\"http:\/\/marshlakeyukoncabins.com\/wp-content\/uploads\/2015\/06\/P1020492.jpg\" background_position=\"default\" background_size=\"default\" background_color=\"#ffffff\" alignment=\"center\" background_layout=\"dark\" allow_player_pause=\"off\" header_font_select=\"default\" body_font_select=\"default\" custom_button=\"off\" button_font_select=\"default\" button_use_icon=\"default\" button_icon_placement=\"right\" button_on_hover=\"on\"] [\/et_pb_slide] [\/et_pb_fullwidth_slider][\/et_pb_section][et_pb_section bb_built=\"1\" admin_label=\"section\" transparent_background=\"on\" allow_player_pause=\"off\" inner_shadow=\"off\" parallax=\"off\" parallax_method=\"off\" padding_mobile=\"off\" make_fullwidth=\"off\" use_custom_width=\"off\" width_unit=\"on\" make_equal=\"off\" use_custom_gutter=\"off\"][et_pb_row admin_label=\"row\" make_fullwidth=\"off\" use_custom_width=\"off\" width_unit=\"on\" use_custom_gutter=\"on\" padding_mobile=\"off\" module_class=\"home-boxes\" allow_player_pause=\"off\" parallax=\"off\" parallax_method=\"off\" make_equal=\"off\" gutter_width=\"2\" parallax_1=\"off\" parallax_method_1=\"off\" parallax_2=\"off\" parallax_method_2=\"off\" parallax_3=\"off\" parallax_method_3=\"off\" parallax_4=\"off\" parallax_method_4=\"off\"][et_pb_column type=\"1_4\"][et_pb_blurb admin_label=\"Cabins\" title=\"Cabins\" url_new_window=\"off\" use_icon=\"off\" icon_color=\"#1a4666\" use_circle=\"off\" circle_color=\"#1a4666\" use_circle_border=\"off\" circle_border_color=\"#1a4666\" image=\"http:\/\/marshlakeyukoncabins.com\/wp-content\/uploads\/2015\/06\/tiny-house.jpg\" icon_placement=\"top\" animation=\"off\" background_layout=\"light\" text_orientation=\"center\" use_icon_font_size=\"off\" body_line_height=\"2em\" use_border_color=\"off\" border_color=\"#ffffff\" border_style=\"solid\" header_font=\"Lato|on|||\" url=\"http:\/\/marshlakeyukoncabins.com\/cabins\/\" alt=\"Yukon Cabin for Rent\" \/][\/et_pb_column][et_pb_column type=\"1_4\"][et_pb_blurb admin_label=\"Tours\" title=\"Tours\" url_new_window=\"off\" use_icon=\"off\" icon_color=\"#1a4666\" use_circle=\"off\" circle_color=\"#1a4666\" use_circle_border=\"off\" circle_border_color=\"#1a4666\" image=\"http:\/\/marshlakeyukoncabins.com\/wp-content\/uploads\/2017\/05\/tours.jpg\" icon_placement=\"top\" animation=\"off\" background_layout=\"light\" text_orientation=\"center\" use_icon_font_size=\"off\" body_line_height=\"2em\" use_border_color=\"off\" border_color=\"#ffffff\" border_style=\"solid\" header_font=\"Lato|on|||\" url=\"http:\/\/marshlakeyukoncabins.com\/tours\/\" alt=\"Yukon Tours\" \/][\/et_pb_column][et_pb_column type=\"1_4\"][et_pb_blurb admin_label=\"Shuttle Service\" title=\"Shuttle Service\" url_new_window=\"off\" use_icon=\"off\" icon_color=\"#1a4666\" use_circle=\"off\" circle_color=\"#1a4666\" use_circle_border=\"off\" circle_border_color=\"#1a4666\" image=\"http:\/\/marshlakeyukoncabins.com\/wp-content\/uploads\/2017\/05\/shuttle.jpg\" icon_placement=\"top\" animation=\"off\" background_layout=\"light\" text_orientation=\"center\" use_icon_font_size=\"off\" body_line_height=\"2em\" use_border_color=\"off\" border_color=\"#ffffff\" border_style=\"solid\" header_font=\"Lato|on|||\" url=\"http:\/\/marshlakeyukoncabins.com\/shuttle-services\/\" alt=\"Yukon Shuttle Service\" \/][\/et_pb_column][et_pb_column type=\"1_4\"][et_pb_blurb admin_label=\"Gear Rental\" title=\"Gear Rental\" url_new_window=\"off\" use_icon=\"off\" icon_color=\"#1a4666\" use_circle=\"off\" circle_color=\"#1a4666\" use_circle_border=\"off\" circle_border_color=\"#1a4666\" image=\"http:\/\/marshlakeyukoncabins.com\/wp-content\/uploads\/2017\/05\/gear.jpg\" icon_placement=\"top\" animation=\"off\" background_layout=\"light\" text_orientation=\"center\" use_icon_font_size=\"off\" body_line_height=\"2em\" use_border_color=\"off\" border_color=\"#ffffff\" border_style=\"solid\" header_font=\"Lato|on|||\" url=\"http:\/\/marshlakeyukoncabins.com\/gear\/\" alt=\"Yukon Gear Rental\" \/][\/et_pb_column][\/et_pb_row][et_pb_row admin_label=\"row\" make_fullwidth=\"off\" use_custom_width=\"off\" width_unit=\"on\" use_custom_gutter=\"off\" padding_mobile=\"off\" allow_player_pause=\"off\" parallax=\"off\" parallax_method=\"off\" make_equal=\"off\" parallax_1=\"off\" parallax_method_1=\"off\" column_padding_mobile=\"on\"][et_pb_column type=\"4_4\"][et_pb_text admin_label=\"Text\" background_layout=\"light\" text_orientation=\"left\" text_line_height=\"2em\" use_border_color=\"off\" border_color=\"#ffffff\" border_style=\"solid\" text_font_size=\"14\"]<\/p><h2><u><a href=\"http:\/\/marshlakeyukoncabins.com\/cabins\/\">Stay with us<\/a><\/u>\u00a0 on beautiful <u><a href=\"http:\/\/marshlakeyukoncabins.com\/location-activities\/\">Marsh Lake, Yukon<\/a><\/u><\/h2><ul><li>Unique and super cozy home-built cabins for rent<\/li><li>Lots of inside information about what to do and where to go in our beautiful territory<\/li><li>Rental of canoe and biking equipment<\/li><li>Satellite Phone rental<\/li><li>We can connect you with outfitters for your extended hiking, canoeing, dog sledding or horseback riding trip<\/li><\/ul><p>[\/et_pb_text][\/et_pb_column][\/et_pb_row][\/et_pb_section]<\/p>","_et_gb_content_width":"","footnotes":""},"class_list":["post-929","page","type-page","status-publish","hentry"],"yoast_head":"<!-- This site is optimized with the Yoast SEO Premium plugin v26.9 (Yoast SEO v26.8) - https:\/\/yoast.com\/product\/yoast-seo-premium-wordpress\/ -->\n<title>Marsh Lake Yukon Cabins 2 - Marsh Lake Yukon Cabins<\/title>\n<meta name=\"robots\" content=\"index, follow, max-snippet:-1, max-image-preview:large, max-video-preview:-1\" \/>\n<link rel=\"canonical\" href=\"https:\/\/marshlakeyukoncabins.com\/de\/marsh-lake-yukon-cabins-2\/\" \/>\n<meta property=\"og:locale\" content=\"de_DE\" \/>\n<meta property=\"og:type\" content=\"article\" \/>\n<meta property=\"og:title\" content=\"Marsh Lake Yukon Cabins 2 - Marsh Lake Yukon Cabins\" \/>\n<meta property=\"og:description\" content=\"Der Ausgangspunkt f\u00fcr Euer Yukon-Abenteuer! Sonnenuntergang \u00fcber Marsh Lake Bereit f\u00fcr einen unvergesslichen Besuch in Kanadas\u00a0 wildem Yukon? Vermietung selbstgebauter, urgem\u00fctlicher Blockh\u00fctten Vermietung von Kanus und dazugeh\u00f6riger Ausr\u00fcstung Vermietung von Satellitentelefonen Jede Menge Insider-Tipps zu Aktivit\u00e4ten und Sehensw\u00fcrdigkeiten in diesem wundersch\u00f6nen Yukon Ausserdem k\u00f6nnen wir Euch mit Touranbietern f\u00fcr Wander-, Reit- oder Kanutouren sowie Wildniss\u00fcberlebenskurse [&hellip;]\" \/>\n<meta property=\"og:url\" content=\"https:\/\/marshlakeyukoncabins.com\/de\/marsh-lake-yukon-cabins-2\/\" \/>\n<meta property=\"og:site_name\" content=\"Marsh Lake Yukon Cabins\" \/>\n<meta property=\"article:modified_time\" content=\"2017-05-10T14:44:16+00:00\" \/>\n<meta name=\"twitter:card\" content=\"summary_large_image\" \/>\n<meta name=\"twitter:label1\" content=\"Gesch\u00e4tzte Lesezeit\" \/>\n\t<meta name=\"twitter:data1\" content=\"4\u00a0Minuten\" \/>\n<script type=\"application\/ld+json\" class=\"yoast-schema-graph\">{\"@context\":\"https:\/\/schema.org\",\"@graph\":[{\"@type\":\"WebPage\",\"@id\":\"https:\/\/marshlakeyukoncabins.com\/de\/marsh-lake-yukon-cabins-2\/\",\"url\":\"https:\/\/marshlakeyukoncabins.com\/de\/marsh-lake-yukon-cabins-2\/\",\"name\":\"Marsh Lake Yukon Cabins 2 - Marsh Lake Yukon Cabins\",\"isPartOf\":{\"@id\":\"https:\/\/marshlakeyukoncabins.com\/#website\"},\"datePublished\":\"2017-05-10T14:43:05+00:00\",\"dateModified\":\"2017-05-10T14:44:16+00:00\",\"breadcrumb\":{\"@id\":\"https:\/\/marshlakeyukoncabins.com\/de\/marsh-lake-yukon-cabins-2\/#breadcrumb\"},\"inLanguage\":\"de\",\"potentialAction\":[{\"@type\":\"ReadAction\",\"target\":[\"https:\/\/marshlakeyukoncabins.com\/de\/marsh-lake-yukon-cabins-2\/\"]}]},{\"@type\":\"BreadcrumbList\",\"@id\":\"https:\/\/marshlakeyukoncabins.com\/de\/marsh-lake-yukon-cabins-2\/#breadcrumb\",\"itemListElement\":[{\"@type\":\"ListItem\",\"position\":1,\"name\":\"Home\",\"item\":\"https:\/\/marshlakeyukoncabins.com\/de\/\"},{\"@type\":\"ListItem\",\"position\":2,\"name\":\"Marsh Lake Yukon Cabins 2\"}]},{\"@type\":\"WebSite\",\"@id\":\"https:\/\/marshlakeyukoncabins.com\/#website\",\"url\":\"https:\/\/marshlakeyukoncabins.com\/\",\"name\":\"Marsh Lake Yukon Cabins\",\"description\":\"Yukon Cabin Rentals\",\"potentialAction\":[{\"@type\":\"SearchAction\",\"target\":{\"@type\":\"EntryPoint\",\"urlTemplate\":\"https:\/\/marshlakeyukoncabins.com\/?s={search_term_string}\"},\"query-input\":{\"@type\":\"PropertyValueSpecification\",\"valueRequired\":true,\"valueName\":\"search_term_string\"}}],\"inLanguage\":\"de\"}]}<\/script>\n<!-- \/ Yoast SEO Premium plugin. -->","yoast_head_json":{"title":"Marsh Lake Yukon Cabins 2 - Marsh Lake Yukon Cabins","robots":{"index":"index","follow":"follow","max-snippet":"max-snippet:-1","max-image-preview":"max-image-preview:large","max-video-preview":"max-video-preview:-1"},"canonical":"https:\/\/marshlakeyukoncabins.com\/de\/marsh-lake-yukon-cabins-2\/","og_locale":"de_DE","og_type":"article","og_title":"Marsh Lake Yukon Cabins 2 - Marsh Lake Yukon Cabins","og_description":"Der Ausgangspunkt f\u00fcr Euer Yukon-Abenteuer! Sonnenuntergang \u00fcber Marsh Lake Bereit f\u00fcr einen unvergesslichen Besuch in Kanadas\u00a0 wildem Yukon? Vermietung selbstgebauter, urgem\u00fctlicher Blockh\u00fctten Vermietung von Kanus und dazugeh\u00f6riger Ausr\u00fcstung Vermietung von Satellitentelefonen Jede Menge Insider-Tipps zu Aktivit\u00e4ten und Sehensw\u00fcrdigkeiten in diesem wundersch\u00f6nen Yukon Ausserdem k\u00f6nnen wir Euch mit Touranbietern f\u00fcr Wander-, Reit- oder Kanutouren sowie Wildniss\u00fcberlebenskurse [&hellip;]","og_url":"https:\/\/marshlakeyukoncabins.com\/de\/marsh-lake-yukon-cabins-2\/","og_site_name":"Marsh Lake Yukon Cabins","article_modified_time":"2017-05-10T14:44:16+00:00","twitter_card":"summary_large_image","twitter_misc":{"Gesch\u00e4tzte Lesezeit":"4\u00a0Minuten"},"schema":{"@context":"https:\/\/schema.org","@graph":[{"@type":"WebPage","@id":"https:\/\/marshlakeyukoncabins.com\/de\/marsh-lake-yukon-cabins-2\/","url":"https:\/\/marshlakeyukoncabins.com\/de\/marsh-lake-yukon-cabins-2\/","name":"Marsh Lake Yukon Cabins 2 - Marsh Lake Yukon Cabins","isPartOf":{"@id":"https:\/\/marshlakeyukoncabins.com\/#website"},"datePublished":"2017-05-10T14:43:05+00:00","dateModified":"2017-05-10T14:44:16+00:00","breadcrumb":{"@id":"https:\/\/marshlakeyukoncabins.com\/de\/marsh-lake-yukon-cabins-2\/#breadcrumb"},"inLanguage":"de","potentialAction":[{"@type":"ReadAction","target":["https:\/\/marshlakeyukoncabins.com\/de\/marsh-lake-yukon-cabins-2\/"]}]},{"@type":"BreadcrumbList","@id":"https:\/\/marshlakeyukoncabins.com\/de\/marsh-lake-yukon-cabins-2\/#breadcrumb","itemListElement":[{"@type":"ListItem","position":1,"name":"Home","item":"https:\/\/marshlakeyukoncabins.com\/de\/"},{"@type":"ListItem","position":2,"name":"Marsh Lake Yukon Cabins 2"}]},{"@type":"WebSite","@id":"https:\/\/marshlakeyukoncabins.com\/#website","url":"https:\/\/marshlakeyukoncabins.com\/","name":"Marsh Lake Yukon Cabins","description":"Yukon Cabin Rentals","potentialAction":[{"@type":"SearchAction","target":{"@type":"EntryPoint","urlTemplate":"https:\/\/marshlakeyukoncabins.com\/?s={search_term_string}"},"query-input":{"@type":"PropertyValueSpecification","valueRequired":true,"valueName":"search_term_string"}}],"inLanguage":"de"}]}},"_links":{"self":[{"href":"https:\/\/marshlakeyukoncabins.com\/de\/wp-json\/wp\/v2\/pages\/929","targetHints":{"allow":["GET"]}}],"collection":[{"href":"https:\/\/marshlakeyukoncabins.com\/de\/wp-json\/wp\/v2\/pages"}],"about":[{"href":"https:\/\/marshlakeyukoncabins.com\/de\/wp-json\/wp\/v2\/types\/page"}],"author":[{"embeddable":true,"href":"https:\/\/marshlakeyukoncabins.com\/de\/wp-json\/wp\/v2\/users\/1"}],"replies":[{"embeddable":true,"href":"https:\/\/marshlakeyukoncabins.com\/de\/wp-json\/wp\/v2\/comments?post=929"}],"version-history":[{"count":3,"href":"https:\/\/marshlakeyukoncabins.com\/de\/wp-json\/wp\/v2\/pages\/929\/revisions"}],"predecessor-version":[{"id":932,"href":"https:\/\/marshlakeyukoncabins.com\/de\/wp-json\/wp\/v2\/pages\/929\/revisions\/932"}],"wp:attachment":[{"href":"https:\/\/marshlakeyukoncabins.com\/de\/wp-json\/wp\/v2\/media?parent=929"}],"curies":[{"name":"wp","href":"https:\/\/api.w.org\/{rel}","templated":true}]}}